{"id":2255,"date":"2022-05-04T08:47:54","date_gmt":"2022-05-04T14:47:54","guid":{"rendered":"http:\/\/360goup.com\/tienda360\/?page_id=2255"},"modified":"2026-02-02T12:33:19","modified_gmt":"2026-02-02T15:33:19","slug":"terminos-y-condiciones-del-servicio","status":"publish","type":"page","link":"http:\/\/360goup.com\/tienda360\/terminos-y-condiciones-del-servicio\/","title":{"rendered":"Terminos y Condiciones"},"content":{"rendered":"\t\t<div data-elementor-type=\"wp-page\" data-elementor-id=\"2255\" class=\"elementor elementor-2255\" data-elementor-post-type=\"page\">\n\t\t\t\t\t\t<section class=\"elementor-section elementor-top-section elementor-element elementor-element-6fe9f654 elementor-section-boxed elementor-section-height-default elementor-section-height-default\" data-id=\"6fe9f654\" data-element_type=\"section\" data-e-type=\"section\">\n\t\t\t\t\t\t<div class=\"elementor-container elementor-column-gap-default\">\n\t\t\t\t\t<div class=\"elementor-column elementor-col-100 elementor-top-column elementor-element elementor-element-741dbc4b\" data-id=\"741dbc4b\" data-element_type=\"column\" data-e-type=\"column\">\n\t\t\t<div class=\"elementor-widget-wrap elementor-element-populated\">\n\t\t\t\t\t\t<div class=\"elementor-element elementor-element-6afd96d elementor-widget elementor-widget-text-editor\" data-id=\"6afd96d\" data-element_type=\"widget\" data-e-type=\"widget\" data-widget_type=\"text-editor.default\">\n\t\t\t\t<div class=\"elementor-widget-container\">\n\t\t\t\t\t\t\t\t\t\n<div class=\"wp-block-spacer\" style=\"height: 35px;\" aria-hidden=\"true\">\u00a0<\/div>\n\n<div class=\"wp-block-spacer\" style=\"height: 35px;\" aria-hidden=\"true\">\u00a0<\/div>\n\n<p>\u00a0<\/p>\n\n<h4 class=\"wp-block-heading\">T\u00e9rminos Y Condiciones<\/h4>\n\n<p>Fuera de Existencia \u00f3 Productos Agotados<br \/>Enviaremos sus productos en cuanto est\u00e9 disponible. Por lo general, los productos se env\u00edan el mismo d\u00eda si se pide antes de las 12 A,M., o el siguiente d\u00eda h\u00e1bil si su orden es recibida despu\u00e9s de este tiempo y para los pedidos recibidos en s\u00e1bado, domingo o cualquier d\u00eda de fiesta mayor. Sin embargo, puede haber momentos en que el producto que ha ordenado est\u00e1 fuera de stock que retrasar\u00e1 el cumplimiento de su orden. Los mantendremos informados de cualquier producto que usted ha pedido que se fuera de stock y disponible para env\u00edo inmediato. Usted puede cancelar su pedido en cualquier momento antes de su env\u00edo.<\/p>\n\n<h4 class=\"wp-block-heading\">Enlaces<\/h4>\n\n<p>Este sitio puede contener enlaces a otros sitios en Internet que son propiedad y operados por terceros. Usted reconoce que nosotros no somos responsables de la operaci\u00f3n o el contenido localizado en o a trav\u00e9s de cualquier sitio.<\/p>\n\n<h4 class=\"wp-block-heading\">Dep\u00f3sitos Bancarios<\/h4>\n\n<p>Aceptamos giros postales, Cheques personales y cheques de empresas, en Pesos Argentinos solamente. Los pedidos se procesan a la recepci\u00f3n de un giro postal o cheque de caja. De cheques personales y de empresa, por favor, calcule hasta 10 d\u00edas h\u00e1biles despu\u00e9s del recibo de liquidaci\u00f3n de fondos antes de que se procese la orden. No podemos garantizar la disponibilidad de un producto por el momento los fondos claros o cobro. Se le cobrar\u00e1 una penalizaci\u00f3n del 20% del monto por cada cheque devuelto.<\/p>\n\n<h4 class=\"wp-block-heading\">Garant\u00edas<\/h4>\n\n<ul class=\"wp-block-list\">\n<li>P\u00f3ngase en contacto con Atenci\u00f3n al cliente al siguiente correo clientes@representacionespatagonicas.com.ar para solicitar la garant\u00eda y acordar las condiciones del envi\u00f3 a nuestro centro de servicio (el envi\u00f3 al centro de servicio deber\u00e1 ser cubierto por el remitente una vez revisado y diagnosticado el equipo y proceda la garant\u00eda por defecto de fabrica la empresa cubrir\u00e1 los gastos de envi\u00f3.)<\/li>\n\n<li>Se le asignara un numero de servicio y se acordara las condiciones de la reparaci\u00f3n del producto.<\/li>\n\n<li>Toda solicitud de garant\u00eda de producto ser\u00e1 turnada a el departamento de calidad para validar las condiciones del producto.<\/li>\n\n<li>Redactar una carta con descripci\u00f3n de la falla que presenta el producto que contenga los siguientes datos adjuntos:<\/li>\n<\/ul>\n\n<p>-Copia de factura<\/p>\n\n<p>-Copia de gu\u00eda de embarque<\/p>\n\n<p>-Fotograf\u00eda de condiciones del producto<\/p>\n\n<p>-Nombre de la persona que le atendi\u00f3<\/p>\n\n<h4 class=\"wp-block-heading\">\u00d3rdenes con Productos<\/h4>\n\n<p>Por un pedido de productos varios, vamos a hacer todo lo posible por enviar todos los productos que figuran en el orden al mismo tiempo. Productos que no est\u00e1n disponibles en el momento de env\u00edo ser\u00e1n enviados a medida que est\u00e9n disponibles, a menos que usted nos indique lo contrario. S\u00f3lo se le cobrar\u00e1 por los productos contenidos en un env\u00edo determinado, adem\u00e1s de los gastos de env\u00edo aplicables. Usted s\u00f3lo tendr\u00e1 que pagar por el env\u00edo por la tarifa indicada para usted en su recibo de compra. La totalidad de este gasto de env\u00edo puede ser aplicado al primer producto (s) enviado en una orden de env\u00edo m\u00faltiple.<\/p>\n\n<h4 class=\"wp-block-heading\">Pol\u00edtica de Aceptaci\u00f3n de Ordenes<\/h4>\n\n<p>El recibo de un formulario electr\u00f3nico o de otro tipo de confirmaci\u00f3n de pedido no significa nuestra aceptaci\u00f3n de su pedido, ni constituye una confirmaci\u00f3n de nuestra oferta de venta. LA EMPRESA se reserva el derecho en cualquier momento despu\u00e9s de recibir su orden de aceptar o rechazar su orden por cualquier raz\u00f3n o la oferta inferior a la cantidad que usted pidi\u00f3 de cualquier art\u00edculo.<\/p>\n\n<h4 class=\"wp-block-heading\">Otras Condiciones<\/h4>\n\n<p>Las presentes Condiciones sustituyen cualquier t\u00e9rmino y \/ o condiciones que usted incluya en cualquier orden de compra, independientemente de que LA EMPRESA Los haya firmado o no. Nos reservamos el derecho de hacer cambios a este sitio y de estas Condiciones en cualquier momento.<\/p>\n\n<div class=\"wp-block-spacer\" style=\"height: 30px;\" aria-hidden=\"true\">\u00a0<\/div>\n\t\t\t\t\t\t\t\t<\/div>\n\t\t\t\t<\/div>\n\t\t\t\t\t<\/div>\n\t\t<\/div>\n\t\t\t\t\t<\/div>\n\t\t<\/section>\n\t\t\t\t<\/div>\n\t\t","protected":false},"excerpt":{"rendered":"<p>\u00a0 T\u00e9rminos Y Condiciones Fuera de Existencia \u00f3 Productos AgotadosEnviaremos sus productos en cuanto est\u00e9 disponible. Por lo general, los productos se env\u00edan el mismo d\u00eda si se pide antes de las 12 A,M., o el siguiente d\u00eda h\u00e1bil si su orden es recibida despu\u00e9s de este tiempo y para los pedidos recibidos en s\u00e1bado, [&hellip;]<\/p>\n","protected":false},"author":1,"featured_media":0,"parent":0,"menu_order":0,"comment_status":"closed","ping_status":"closed","template":"","meta":{"footnotes":""},"class_list":["post-2255","page","type-page","status-publish","hentry"],"_links":{"self":[{"href":"http:\/\/360goup.com\/tienda360\/wp-json\/wp\/v2\/pages\/2255","targetHints":{"allow":["GET"]}}],"collection":[{"href":"http:\/\/360goup.com\/tienda360\/wp-json\/wp\/v2\/pages"}],"about":[{"href":"http:\/\/360goup.com\/tienda360\/wp-json\/wp\/v2\/types\/page"}],"author":[{"embeddable":true,"href":"http:\/\/360goup.com\/tienda360\/wp-json\/wp\/v2\/users\/1"}],"replies":[{"embeddable":true,"href":"http:\/\/360goup.com\/tienda360\/wp-json\/wp\/v2\/comments?post=2255"}],"version-history":[{"count":3,"href":"http:\/\/360goup.com\/tienda360\/wp-json\/wp\/v2\/pages\/2255\/revisions"}],"predecessor-version":[{"id":2923,"href":"http:\/\/360goup.com\/tienda360\/wp-json\/wp\/v2\/pages\/2255\/revisions\/2923"}],"wp:attachment":[{"href":"http:\/\/360goup.com\/tienda360\/wp-json\/wp\/v2\/media?parent=2255"}],"curies":[{"name":"wp","href":"https:\/\/api.w.org\/{rel}","templated":true}]}}