{"id":2687,"date":"2024-09-24T17:59:48","date_gmt":"2024-09-24T20:59:48","guid":{"rendered":"http:\/\/360goup.com\/tienda360\/product\/3vaso\/"},"modified":"2025-05-22T13:50:24","modified_gmt":"2025-05-22T16:50:24","slug":"3vaso","status":"publish","type":"product","link":"http:\/\/360goup.com\/tienda360\/product\/3vaso\/","title":{"rendered":"M18&#x2122; \u00a0Redlithium&#x2122; High Demand&#x2122; 9.0 Battery Pack MILWAUKEE 48-11-1890"},"content":{"rendered":"<p>&amp;lt;p&amp;gt;M18&amp;trade; &amp;amp;nbsp;Redlithium&amp;trade; High Demand&amp;trade; 9.0 Battery Pack MILWAUKEE 48-11-1890&amp;lt;\/p&amp;gt;&amp;lt;p&amp;gt;Especificaciones:&amp;lt;\/p&amp;gt;&amp;lt;ul&amp;gt;&amp;lt;li&amp;gt;El paquete de bater&amp;iacute;as M18&amp;trade; REDLITHIUM&amp;trade; HIGH DEMAND&amp;trade; 9.0 proporciona<br \/>\nhasta 5&amp;amp;nbsp;veces m&amp;aacute;s tiempo de ejecuci&amp;oacute;n, un 35&amp;amp;nbsp;% m&amp;aacute;s de potencia y<br \/>\nfunciona el 60&amp;amp;nbsp;% m&amp;aacute;s fr&amp;iacute;o que las bater&amp;iacute;as est&amp;aacute;ndar de ion de litio de<br \/>\n18&amp;amp;nbsp;voltios.&amp;lt;\/li&amp;gt;&amp;lt;li&amp;gt;La bater&amp;iacute;a est&amp;aacute; optimizada para productos de alto consumo y<br \/>\naplicaciones de tiempo de ejecuci&amp;oacute;n sostenido, y proporciona el pr&amp;oacute;ximo<br \/>\npaso grande hacia el reemplazo completamente cableado cuando se<br \/>\nempareja con el sistema de soluciones M18.&amp;lt;\/li&amp;gt;&amp;lt;li&amp;gt;Mantiene la energ&amp;iacute;a total y<br \/>\nfunciona a mucho menos temperatura en aplicaciones exigentes, lo que les<br \/>\npermite a los usuarios usar sus herramientas inal&amp;aacute;mbricas m&amp;aacute;s fuerte y<br \/>\npor m&amp;aacute;s tiempo.&amp;lt;\/li&amp;gt;&amp;lt;li&amp;gt;La bater&amp;iacute;a M18&amp;trade; REDLITHIUM&amp;trade; HIGH DEMAND&amp;trade; 9.0 es<br \/>\ncompletamente compatible con m&amp;aacute;s de 100&amp;amp;nbsp;herramientas M18&amp;trade;.&amp;lt;br&amp;gt;&amp;lt;\/li&amp;gt;&amp;lt;\/ul&amp;gt;<\/p>\n","protected":false},"excerpt":{"rendered":"<p>El paquete de bater\u00edas M18&#x2122; REDLITHIUM&#x2122; HIGH DEMAND&#x2122; 9.0 proporciona hasta 5 veces m\u00e1s tiempo de ejecuci\u00f3n, un 35 % m\u00e1s de potencia y funciona el 60 % m\u00e1s fr\u00edo que las bater\u00edas est\u00e1ndar de ion de litio de 18 voltios.<\/p>\n","protected":false},"featured_media":2897,"template":"","meta":[],"product_brand":[],"product_cat":[2375],"product_tag":[2380,2381],"class_list":{"0":"post-2687","1":"product","2":"type-product","3":"status-publish","4":"has-post-thumbnail","6":"product_cat-bigsis","7":"product_tag-destacados","8":"product_tag-ofertas","10":"first","11":"instock","12":"shipping-taxable","13":"purchasable","14":"product-type-simple"},"_links":{"self":[{"href":"http:\/\/360goup.com\/tienda360\/wp-json\/wp\/v2\/product\/2687","targetHints":{"allow":["GET"]}}],"collection":[{"href":"http:\/\/360goup.com\/tienda360\/wp-json\/wp\/v2\/product"}],"about":[{"href":"http:\/\/360goup.com\/tienda360\/wp-json\/wp\/v2\/types\/product"}],"wp:featuredmedia":[{"embeddable":true,"href":"http:\/\/360goup.com\/tienda360\/wp-json\/wp\/v2\/media\/2897"}],"wp:attachment":[{"href":"http:\/\/360goup.com\/tienda360\/wp-json\/wp\/v2\/media?parent=2687"}],"wp:term":[{"taxonomy":"product_brand","embeddable":true,"href":"http:\/\/360goup.com\/tienda360\/wp-json\/wp\/v2\/product_brand?post=2687"},{"taxonomy":"product_cat","embeddable":true,"href":"http:\/\/360goup.com\/tienda360\/wp-json\/wp\/v2\/product_cat?post=2687"},{"taxonomy":"product_tag","embeddable":true,"href":"http:\/\/360goup.com\/tienda360\/wp-json\/wp\/v2\/product_tag?post=2687"}],"curies":[{"name":"wp","href":"https:\/\/api.w.org\/{rel}","templated":true}]}}