{"id":2690,"date":"2024-09-24T17:59:48","date_gmt":"2024-09-24T20:59:48","guid":{"rendered":"http:\/\/360goup.com\/tienda360\/product\/1corrector\/"},"modified":"2025-05-22T13:53:01","modified_gmt":"2025-05-22T16:53:01","slug":"1corrector","status":"publish","type":"product","link":"http:\/\/360goup.com\/tienda360\/product\/1corrector\/","title":{"rendered":"Juego Brocas Sierra Ice Hardened P\/Electricistas MILWAUKEE 49-22-4095"},"content":{"rendered":"<p>&amp;lt;p&amp;gt;Juego Brocas Sierra Ice Hardened Para Electricistas MILWAUKEE 49-22-4095&amp;lt;\/p&amp;gt;&amp;lt;p&amp;gt;Especificaciones:&amp;lt;\/p&amp;gt;&amp;lt;ul&amp;gt;&amp;lt;li&amp;gt;La broca sierra Hole Dozer&amp;trade; de Milwaukee&amp;reg; presenta Rip<br \/>\nGuard&amp;trade;, la superficie dentada m&amp;aacute;s resistente de la industria,<br \/>\nrespaldada por la garant&amp;iacute;a contra rupturas de la superficie dentada de<br \/>\npor vida limitada Rip Guard&amp;trade; Cada herramienta est&amp;aacute; construida con m&amp;aacute;s<br \/>\nacero detr&amp;aacute;s del borde de corte para brindar resistencia adicional.&amp;lt;\/li&amp;gt;&amp;lt;li&amp;gt;La<br \/>\ngarant&amp;iacute;a Rip Guard&amp;trade; contra rupturas de la superficie dentada es la<br \/>\nprimera en la industria de sierras de corona.&amp;lt;\/li&amp;gt;&amp;lt;li&amp;gt;La resistencia agregada de<br \/>\nla superficie dentada con el 8&amp;amp;nbsp;% de cobalto proporciona vida &amp;uacute;til<br \/>\nadicional a la superficie dentada, lo que permite aumentar la<br \/>\nproductividad en el lugar de trabajo, as&amp;iacute; como tambi&amp;eacute;n la continua<br \/>\ncalidad de cada agujero.&amp;lt;\/li&amp;gt;&amp;lt;li&amp;gt;El Hole Dozer&amp;trade; incluye Plug Jack&amp;trade;, una ranura<br \/>\nque permite tener un acceso total al remover tapones.&amp;lt;\/li&amp;gt;&amp;lt;li&amp;gt;El Plug Jack&amp;trade;<br \/>\nbrinda acceso inferior a la copa para material de gran espesor y m&amp;aacute;s<br \/>\nalto hacia la superficie dentada para materiales delgados.&amp;lt;\/li&amp;gt;&amp;lt;li&amp;gt;Con m&amp;uacute;ltiples<br \/>\nposiciones para hacer palanca y tener mejor acceso al tap&amp;oacute;n, Plug Jack&amp;trade;<br \/>\naumenta la productividad y elimina el tiempo de inactividad<br \/>\ndesperdiciado entre los agujeros.&amp;lt;\/li&amp;gt;&amp;lt;li&amp;gt;Para cambios r&amp;aacute;pidos y sin<br \/>\nherramientas, utilice los ejes de cambio r&amp;aacute;pido universales de<br \/>\nMilwaukee. 49-56-7210, 49-56-7240, 49-56-7250 y 49-56-9100.&amp;lt;\/li&amp;gt;&amp;lt;li&amp;gt;Construcci&amp;oacute;n bimet&amp;aacute;lica con 8&amp;amp;nbsp;% de cobalto para aumentar la resistencia al desgaste.&amp;lt;br&amp;gt;&amp;lt;\/li&amp;gt;&amp;lt;\/ul&amp;gt;<\/p>\n","protected":false},"excerpt":{"rendered":"<p>La resistencia agregada de la superficie dentada con el 8 % de cobalto proporciona vida \u00fatil adicional a la superficie dentada, lo que permite aumentar la productividad en el lugar de trabajo, as\u00ed como tambi\u00e9n la continua calidad de cada agujero.<\/p>\n","protected":false},"featured_media":2905,"template":"","meta":[],"product_brand":[],"product_cat":[2375],"product_tag":[2379],"class_list":{"0":"post-2690","1":"product","2":"type-product","3":"status-publish","4":"has-post-thumbnail","6":"product_cat-bigsis","7":"product_tag-novedades","9":"first","10":"instock","11":"shipping-taxable","12":"purchasable","13":"product-type-simple"},"_links":{"self":[{"href":"http:\/\/360goup.com\/tienda360\/wp-json\/wp\/v2\/product\/2690","targetHints":{"allow":["GET"]}}],"collection":[{"href":"http:\/\/360goup.com\/tienda360\/wp-json\/wp\/v2\/product"}],"about":[{"href":"http:\/\/360goup.com\/tienda360\/wp-json\/wp\/v2\/types\/product"}],"wp:featuredmedia":[{"embeddable":true,"href":"http:\/\/360goup.com\/tienda360\/wp-json\/wp\/v2\/media\/2905"}],"wp:attachment":[{"href":"http:\/\/360goup.com\/tienda360\/wp-json\/wp\/v2\/media?parent=2690"}],"wp:term":[{"taxonomy":"product_brand","embeddable":true,"href":"http:\/\/360goup.com\/tienda360\/wp-json\/wp\/v2\/product_brand?post=2690"},{"taxonomy":"product_cat","embeddable":true,"href":"http:\/\/360goup.com\/tienda360\/wp-json\/wp\/v2\/product_cat?post=2690"},{"taxonomy":"product_tag","embeddable":true,"href":"http:\/\/360goup.com\/tienda360\/wp-json\/wp\/v2\/product_tag?post=2690"}],"curies":[{"name":"wp","href":"https:\/\/api.w.org\/{rel}","templated":true}]}}