{"id":2692,"date":"2024-09-24T17:59:49","date_gmt":"2024-09-24T20:59:49","guid":{"rendered":"http:\/\/360goup.com\/tienda360\/product\/1carpeta\/"},"modified":"2025-05-22T13:51:24","modified_gmt":"2025-05-22T16:51:24","slug":"1carpeta","status":"publish","type":"product","link":"http:\/\/360goup.com\/tienda360\/product\/1carpeta\/","title":{"rendered":"12&#8243; Pcd\/Fiber Cement Circular Saw Blade MILWAUKEE 48-40-7020"},"content":{"rendered":"<p>&amp;lt;p&amp;gt;12&amp;quot; Pcd\/Fiber Cement Circular Saw Blade MILWAUKEE 48-40-7020&amp;lt;\/p&amp;gt;&amp;lt;p&amp;gt;Especificaciones:&amp;lt;\/p&amp;gt;&amp;lt;ul&amp;gt;&amp;lt;li&amp;gt;Las hojas de entramado para cortar madera de Milwaukee maximizan la vida &amp;uacute;til y las eficiencias de corte para mejorar su productividad.&amp;lt;\/li&amp;gt;&amp;lt;li&amp;gt;Un revestimiento antifricci&amp;oacute;n mantiene la hoja fr&amp;iacute;a mientras corta y es resistente a la corrosi&amp;oacute;n y el afilado.&amp;lt;\/li&amp;gt;&amp;lt;li&amp;gt;La tecnolog&amp;iacute;a de corte l&amp;aacute;ser crea la hoja 100 % de chapa de acero para garantizar una hoja estable que aumenta la precisi&amp;oacute;n de corte.&amp;lt;\/li&amp;gt;&amp;lt;li&amp;gt;Las ranuras de vibraci&amp;oacute;n de corte l&amp;aacute;ser minimizan la oscilaci&amp;oacute;n y la deformaci&amp;oacute;n durante el uso.&amp;lt;\/li&amp;gt;&amp;lt;li&amp;gt;Un dise&amp;ntilde;o de corte fino ofrece cortes m&amp;aacute;s r&amp;aacute;pidos as&amp;iacute; como tambi&amp;eacute;n m&amp;aacute;s cortes por carga cuando se usa una herramienta inal&amp;aacute;mbrica.&amp;lt;\/li&amp;gt;&amp;lt;li&amp;gt;Carburo de tungsteno combinado con cobalto.&amp;lt;\/li&amp;gt;&amp;lt;li&amp;gt;Optimizada para herramientas inal&amp;aacute;mbricas y con cable.&amp;lt;\/li&amp;gt;&amp;lt;li&amp;gt;18 dientes; orificio de eje de 10 mm.&amp;lt;\/li&amp;gt;&amp;lt;li&amp;gt;Excelente para usarse con: Maderas blandas, maderas duras, madera h&amp;uacute;meda, madera tratada y maderas laminadas como madera contrachapada, OSB, LVL, PSL, LSL y OSL.&amp;lt;br&amp;gt;&amp;lt;\/li&amp;gt;&amp;lt;\/ul&amp;gt;<\/p>\n","protected":false},"excerpt":{"rendered":"<p>-Las hojas de entramado para cortar madera de Milwaukee maximizan la vida \u00fatil y las eficiencias de corte para mejorar su productividad.<br \/>\n-Un revestimiento antifricci\u00f3n mantiene la hoja fr\u00eda mientras corta y es resistente a la corrosi\u00f3n y el afilado.<\/p>\n","protected":false},"featured_media":2894,"template":"","meta":[],"product_brand":[],"product_cat":[2375],"product_tag":[2380,2381],"class_list":{"0":"post-2692","1":"product","2":"type-product","3":"status-publish","4":"has-post-thumbnail","6":"product_cat-bigsis","7":"product_tag-destacados","8":"product_tag-ofertas","10":"first","11":"instock","12":"shipping-taxable","13":"purchasable","14":"product-type-simple"},"_links":{"self":[{"href":"http:\/\/360goup.com\/tienda360\/wp-json\/wp\/v2\/product\/2692","targetHints":{"allow":["GET"]}}],"collection":[{"href":"http:\/\/360goup.com\/tienda360\/wp-json\/wp\/v2\/product"}],"about":[{"href":"http:\/\/360goup.com\/tienda360\/wp-json\/wp\/v2\/types\/product"}],"wp:featuredmedia":[{"embeddable":true,"href":"http:\/\/360goup.com\/tienda360\/wp-json\/wp\/v2\/media\/2894"}],"wp:attachment":[{"href":"http:\/\/360goup.com\/tienda360\/wp-json\/wp\/v2\/media?parent=2692"}],"wp:term":[{"taxonomy":"product_brand","embeddable":true,"href":"http:\/\/360goup.com\/tienda360\/wp-json\/wp\/v2\/product_brand?post=2692"},{"taxonomy":"product_cat","embeddable":true,"href":"http:\/\/360goup.com\/tienda360\/wp-json\/wp\/v2\/product_cat?post=2692"},{"taxonomy":"product_tag","embeddable":true,"href":"http:\/\/360goup.com\/tienda360\/wp-json\/wp\/v2\/product_tag?post=2692"}],"curies":[{"name":"wp","href":"https:\/\/api.w.org\/{rel}","templated":true}]}}