{"id":2693,"date":"2024-09-24T17:59:49","date_gmt":"2024-09-24T20:59:49","guid":{"rendered":"http:\/\/360goup.com\/tienda360\/product\/1papel\/"},"modified":"2025-05-22T13:49:06","modified_gmt":"2025-05-22T16:49:06","slug":"1papel","status":"publish","type":"product","link":"http:\/\/360goup.com\/tienda360\/product\/1papel\/","title":{"rendered":"Switch Pack Drum MILWAUKEE 47-53-2775"},"content":{"rendered":"<p>&amp;lt;p&amp;gt;Switch Pack Drum MILWAUKEE 47-53-2775&amp;lt;\/p&amp;gt;&amp;lt;p&amp;gt;Especificaciones:&amp;lt;\/p&amp;gt;&amp;lt;ul&amp;gt;&amp;lt;li&amp;gt;El sistema de tambor seccional M18 FUEL&amp;trade; SWITCH PACK&amp;trade; es la<br \/>\nprimera soluci&amp;oacute;n de limpieza de drenaje que combina los beneficios de<br \/>\nlas m&amp;aacute;quinas seccionales y de tambor, lo que crea la &amp;uacute;nica m&amp;aacute;quina m&amp;aacute;s<br \/>\nvers&amp;aacute;til y m&amp;oacute;vil del mercado.&amp;lt;\/li&amp;gt;&amp;lt;li&amp;gt;Este sistema se ocupa del desaf&amp;iacute;o m&amp;aacute;s<br \/>\nfrecuente de cualquier aplicaci&amp;oacute;n de limpieza de drenaje, llevar la<br \/>\nm&amp;aacute;quina al trabajo, SWITCH PACK&amp;trade; utiliza un dise&amp;ntilde;o modular con correas<br \/>\nde mochilas para el transporte m&amp;aacute;s f&amp;aacute;cil a cualquier techo, drenaje,<br \/>\nsemis&amp;oacute;tano o tapa de inspecci&amp;oacute;n.&amp;lt;\/li&amp;gt;&amp;lt;li&amp;gt;La conexi&amp;oacute;n del tambor sin herramientas<br \/>\npermite a los usuarios intercambiar r&amp;aacute;pidamente entre tama&amp;ntilde;os de sondas<br \/>\no agregar un segundo tambor para alcanzar 100&#8242; de la tuber&amp;iacute;a.&amp;lt;\/li&amp;gt;&amp;lt;li&amp;gt;Todos<br \/>\nlos tambores SWITCH PACK&amp;trade; est&amp;aacute;n completamente incorporados para<br \/>\nproporcionar la mejor protecci&amp;oacute;n contra los desechos.&amp;lt;\/li&amp;gt;&amp;lt;li&amp;gt;Parte del sistema de tambor seccional SWITCH PACK&amp;trade;.&amp;lt;\/li&amp;gt;&amp;lt;li&amp;gt;Enganche del tambor sin herramientas: R&amp;aacute;pido intercambio entre tambores.&amp;lt;\/li&amp;gt;&amp;lt;li&amp;gt;Tambor completamente incorporado: la mejor protecci&amp;oacute;n y contenci&amp;oacute;n de desechos.&amp;lt;\/li&amp;gt;&amp;lt;li&amp;gt;Almacenamiento incorporado para accesorios para sondas destapaca&amp;ntilde;os.&amp;lt;\/li&amp;gt;&amp;lt;\/ul&amp;gt;<\/p>\n","protected":false},"excerpt":{"rendered":"<p>El sistema de tambor seccional M18 FUEL&#x2122; SWITCH PACK&#x2122; es la primera soluci\u00f3n de limpieza de drenaje que combina los beneficios de las m\u00e1quinas seccionales y de tambor, lo que crea la \u00fanica m\u00e1quina m\u00e1s vers\u00e1til y m\u00f3vil del mercado.<\/p>\n","protected":false},"featured_media":2895,"template":"","meta":[],"product_brand":[],"product_cat":[2375],"product_tag":[2381],"class_list":{"0":"post-2693","1":"product","2":"type-product","3":"status-publish","4":"has-post-thumbnail","6":"product_cat-bigsis","7":"product_tag-ofertas","9":"first","10":"instock","11":"shipping-taxable","12":"purchasable","13":"product-type-simple"},"_links":{"self":[{"href":"http:\/\/360goup.com\/tienda360\/wp-json\/wp\/v2\/product\/2693","targetHints":{"allow":["GET"]}}],"collection":[{"href":"http:\/\/360goup.com\/tienda360\/wp-json\/wp\/v2\/product"}],"about":[{"href":"http:\/\/360goup.com\/tienda360\/wp-json\/wp\/v2\/types\/product"}],"wp:featuredmedia":[{"embeddable":true,"href":"http:\/\/360goup.com\/tienda360\/wp-json\/wp\/v2\/media\/2895"}],"wp:attachment":[{"href":"http:\/\/360goup.com\/tienda360\/wp-json\/wp\/v2\/media?parent=2693"}],"wp:term":[{"taxonomy":"product_brand","embeddable":true,"href":"http:\/\/360goup.com\/tienda360\/wp-json\/wp\/v2\/product_brand?post=2693"},{"taxonomy":"product_cat","embeddable":true,"href":"http:\/\/360goup.com\/tienda360\/wp-json\/wp\/v2\/product_cat?post=2693"},{"taxonomy":"product_tag","embeddable":true,"href":"http:\/\/360goup.com\/tienda360\/wp-json\/wp\/v2\/product_tag?post=2693"}],"curies":[{"name":"wp","href":"https:\/\/api.w.org\/{rel}","templated":true}]}}