{"id":2694,"date":"2024-09-24T17:59:49","date_gmt":"2024-09-24T20:59:49","guid":{"rendered":"http:\/\/360goup.com\/tienda360\/product\/3bijou\/"},"modified":"2025-05-22T13:36:18","modified_gmt":"2025-05-22T16:36:18","slug":"3bijou","status":"publish","type":"product","link":"http:\/\/360goup.com\/tienda360\/product\/3bijou\/","title":{"rendered":"Sawzall Dpp 14 Largo 6&#8243; 25Pk MILWAUKEE 48-00-8182"},"content":{"rendered":"<p>&amp;lt;p&amp;gt;Sawzall Dpp 14 Largo 6&amp;quot; 25Pk MILWAUKEE 48-00-8182&amp;lt;\/p&amp;gt;&amp;lt;p&amp;gt;Especificaciones:&amp;lt;\/p&amp;gt;&amp;lt;ul&amp;gt;&amp;lt;li&amp;gt;Las hojas de corte de metal Thin Kerf con Double Duty Upgrade &amp;trade;<br \/>\ntienen una forma de diente que est&amp;aacute; optimizada para una vida &amp;uacute;til m&amp;aacute;s<br \/>\nlarga y una mayor velocidad.&amp;lt;\/li&amp;gt;&amp;lt;li&amp;gt;Tough Neck &amp;trade; est&amp;aacute; dise&amp;ntilde;ado para<br \/>\nproteger contra la rotura de la espiga y ofrece la espiga de hoja<br \/>\nSAWZALL&amp;reg; m&amp;aacute;s fuerte del mercado.&amp;lt;\/li&amp;gt;&amp;lt;li&amp;gt;Manteniendo un perfil corto y un cuerpo delgado, estas hojas son ideales para realizar cortes r&amp;aacute;pidos y flexibles.&amp;lt;\/li&amp;gt;&amp;lt;\/ul&amp;gt;<\/p>\n","protected":false},"excerpt":{"rendered":"<p>Las hojas de corte de metal Thin Kerf con Double Duty Upgrade &#x2122; tienen una forma de diente que est\u00e1 optimizada para una vida \u00fatil m\u00e1s larga y una mayor velocidad.<br \/>\nTough Neck &#x2122; est\u00e1 dise\u00f1ado para proteger contra la rotura de la espiga y ofrece la espiga d<\/p>\n","protected":false},"featured_media":2896,"template":"","meta":[],"product_brand":[],"product_cat":[2375],"product_tag":[],"class_list":{"0":"post-2694","1":"product","2":"type-product","3":"status-publish","4":"has-post-thumbnail","6":"product_cat-bigsis","8":"first","9":"instock","10":"shipping-taxable","11":"purchasable","12":"product-type-simple"},"_links":{"self":[{"href":"http:\/\/360goup.com\/tienda360\/wp-json\/wp\/v2\/product\/2694","targetHints":{"allow":["GET"]}}],"collection":[{"href":"http:\/\/360goup.com\/tienda360\/wp-json\/wp\/v2\/product"}],"about":[{"href":"http:\/\/360goup.com\/tienda360\/wp-json\/wp\/v2\/types\/product"}],"wp:featuredmedia":[{"embeddable":true,"href":"http:\/\/360goup.com\/tienda360\/wp-json\/wp\/v2\/media\/2896"}],"wp:attachment":[{"href":"http:\/\/360goup.com\/tienda360\/wp-json\/wp\/v2\/media?parent=2694"}],"wp:term":[{"taxonomy":"product_brand","embeddable":true,"href":"http:\/\/360goup.com\/tienda360\/wp-json\/wp\/v2\/product_brand?post=2694"},{"taxonomy":"product_cat","embeddable":true,"href":"http:\/\/360goup.com\/tienda360\/wp-json\/wp\/v2\/product_cat?post=2694"},{"taxonomy":"product_tag","embeddable":true,"href":"http:\/\/360goup.com\/tienda360\/wp-json\/wp\/v2\/product_tag?post=2694"}],"curies":[{"name":"wp","href":"https:\/\/api.w.org\/{rel}","templated":true}]}}